{"id":13,"date":"2016-03-28T09:28:34","date_gmt":"2016-03-28T09:28:34","guid":{"rendered":"http:\/\/wp.magnium-themes.com\/thebuilt\/thebuilt-2\/?page_id=13"},"modified":"2021-12-17T15:07:19","modified_gmt":"2021-12-17T15:07:19","slug":"blog-engenharia","status":"publish","type":"page","link":"https:\/\/satoengenharia.com.br\/site\/blog-engenharia\/","title":{"rendered":"Blog"},"content":{"rendered":"<p>[vc_row][vc_column]<div id=\"mgt-post-list-39147\" class=\"mgt-post-list wpb_content_element animated\"><div class=\"mgt-post large-blocks\"><a href=\"https:\/\/satoengenharia.com.br\/site\/2021\/08\/25\/imoveis-de-vargem-ja-foram-todos-georreferenciados\/\"><div class=\"mgt-post-image\" data-style=\"background-image: url(https:\/\/satoengenharia.com.br\/site\/wp-content\/uploads\/2021\/08\/Imoveis-de-Vargem-ja-foram-todos-georreferenciados-1170x230.jpg);\"><div class=\"mgt-post-image-wrapper\"><div class=\"mgt-post-categories\">Regulariza\u00e7\u00e3o fundi\u00e1ria<\/div><div class=\"mgt-post-wrapper-icon\"><i class=\"fa fa-plus\"><\/i><\/div>\r\n<\/div><\/div><\/a><div class=\"mgt-post-details\"><div class=\"mgt-post-icon format-standard\"><\/div><div class=\"mgt-post-title\"><a href=\"https:\/\/satoengenharia.com.br\/site\/2021\/08\/25\/imoveis-de-vargem-ja-foram-todos-georreferenciados\/\"><h5>Im\u00f3veis de Vargem j\u00e1 foram todos georreferenciados<\/h5><\/a><\/div><div class=\"mgt-post-date\"><i class=\"fa fa-file-text-o\"><\/i>\r\nagosto 25, 2021 <\/div><div class=\"mgt-post-text\">[vc_row][vc_column][\/vc_column][\/vc_row]<\/div><\/div><\/div><div class=\"mgt-post large-blocks\"><a href=\"https:\/\/satoengenharia.com.br\/site\/2021\/07\/13\/prefeitura-de-piracicaba-conclui-reforma-do-terminal-sao-jorge\/\"><div class=\"mgt-post-image\" data-style=\"background-image: url(https:\/\/satoengenharia.com.br\/site\/wp-content\/uploads\/2021\/07\/Prefeitura-de-Piracicaba-conclui-reforma-do-Terminal-Sao-Jorge-680x230.jpg);\"><div class=\"mgt-post-image-wrapper\"><div class=\"mgt-post-categories\">Execu\u00e7\u00e3o de obras<\/div><div class=\"mgt-post-wrapper-icon\"><i class=\"fa fa-plus\"><\/i><\/div>\r\n<\/div><\/div><\/a><div class=\"mgt-post-details\"><div class=\"mgt-post-icon format-standard\"><\/div><div class=\"mgt-post-title\"><a href=\"https:\/\/satoengenharia.com.br\/site\/2021\/07\/13\/prefeitura-de-piracicaba-conclui-reforma-do-terminal-sao-jorge\/\"><h5>Prefeitura de Piracicaba conclui reforma do Terminal S\u00e3o Jorge<\/h5><\/a><\/div><div class=\"mgt-post-date\"><i class=\"fa fa-file-text-o\"><\/i>\r\njulho 13, 2021 <\/div><div class=\"mgt-post-text\">[vc_row][vc_column][\/vc_column][\/vc_row]<\/div><\/div><\/div><div class=\"mgt-post large-blocks\"><a href=\"https:\/\/satoengenharia.com.br\/site\/2021\/07\/01\/prefeitura-conclui-regularizacao-fundiaria-do-tatuape-e-entregara-as-matriculas-para-446-familias\/\"><div class=\"mgt-post-image\" data-style=\"background-image: url(https:\/\/satoengenharia.com.br\/site\/wp-content\/uploads\/2021\/07\/Prefeitura-conclui-regularizacao-fundiaria-do-Tatuape-e-entregara-as-matriculas-para-446-familias-696x230.jpg);\"><div class=\"mgt-post-image-wrapper\"><div class=\"mgt-post-categories\">Regulariza\u00e7\u00e3o fundi\u00e1ria<\/div><div class=\"mgt-post-wrapper-icon\"><i class=\"fa fa-plus\"><\/i><\/div>\r\n<\/div><\/div><\/a><div class=\"mgt-post-details\"><div class=\"mgt-post-icon format-standard\"><\/div><div class=\"mgt-post-title\"><a href=\"https:\/\/satoengenharia.com.br\/site\/2021\/07\/01\/prefeitura-conclui-regularizacao-fundiaria-do-tatuape-e-entregara-as-matriculas-para-446-familias\/\"><h5>Prefeitura conclui regulariza\u00e7\u00e3o fundi\u00e1ria do Tatuap\u00e9 e entregar\u00e1 as matr\u00edculas para 446 fam\u00edlias<\/h5><\/a><\/div><div class=\"mgt-post-date\"><i class=\"fa fa-file-text-o\"><\/i>\r\njulho 1, 2021 <\/div><div class=\"mgt-post-text\">[vc_row][vc_column][\/vc_column][\/vc_row]<\/div><\/div><\/div><div class=\"mgt-post large-blocks\"><a href=\"https:\/\/satoengenharia.com.br\/site\/2021\/06\/16\/results-of-annual-general-meeting\/\"><div class=\"mgt-post-image\" data-style=\"background-image: url(https:\/\/satoengenharia.com.br\/site\/wp-content\/uploads\/2016\/06\/Campinas-implanta-sistema-on-line-para-acelerar-liberacao-de-alvaras-de-execucao-de-obras-984x230.jpg);\"><div class=\"mgt-post-image-wrapper\"><div class=\"mgt-post-categories\">Execu\u00e7\u00e3o de obras<\/div><div class=\"mgt-post-wrapper-icon\"><i class=\"fa fa-plus\"><\/i><\/div>\r\n<\/div><\/div><\/a><div class=\"mgt-post-details\"><div class=\"mgt-post-icon format-standard\"><\/div><div class=\"mgt-post-title\"><a href=\"https:\/\/satoengenharia.com.br\/site\/2021\/06\/16\/results-of-annual-general-meeting\/\"><h5>Campinas implanta sistema on-line para acelerar libera\u00e7\u00e3o de alvar\u00e1s de execu\u00e7\u00e3o de obras<\/h5><\/a><\/div><div class=\"mgt-post-date\"><i class=\"fa fa-file-text-o\"><\/i>\r\njunho 16, 2021 <\/div><div class=\"mgt-post-text\">[vc_row][vc_column][\/vc_column][\/vc_row]<\/div><\/div><\/div><div class=\"mgt-post large-blocks\"><a href=\"https:\/\/satoengenharia.com.br\/site\/2021\/06\/09\/gerenciamento-de-projetos-no-setor-da-engenharia-civil-pode-proporcionar-maior-custo-beneficio-nas-construcoes-e-nas-obras\/\"><div class=\"mgt-post-image\" data-style=\"background-image: url(https:\/\/satoengenharia.com.br\/site\/wp-content\/uploads\/2021\/07\/Gerenciamento-de-Projetos-no-setor-da-engenharia-civil-pode-proporcionar-maior-custo-beneficio-nas-construcoes-e-obras-1170x230.jpg);\"><div class=\"mgt-post-image-wrapper\"><div class=\"mgt-post-categories\">Gerenciamento<\/div><div class=\"mgt-post-wrapper-icon\"><i class=\"fa fa-plus\"><\/i><\/div>\r\n<\/div><\/div><\/a><div class=\"mgt-post-details\"><div class=\"mgt-post-icon format-standard\"><\/div><div class=\"mgt-post-title\"><a href=\"https:\/\/satoengenharia.com.br\/site\/2021\/06\/09\/gerenciamento-de-projetos-no-setor-da-engenharia-civil-pode-proporcionar-maior-custo-beneficio-nas-construcoes-e-nas-obras\/\"><h5>Gerenciamento de Projetos no setor da engenharia civil pode proporcionar maior custo-benef\u00edcio nas constru\u00e7\u00f5es e nas obras<\/h5><\/a><\/div><div class=\"mgt-post-date\"><i class=\"fa fa-file-text-o\"><\/i>\r\njunho 9, 2021 <\/div><div class=\"mgt-post-text\">[vc_row][vc_column][\/vc_column][\/vc_row]<\/div><\/div><\/div><div class=\"clearfix\"><\/div><\/div>[\/vc_column][\/vc_row]<\/p>\n","protected":false},"excerpt":{"rendered":"<p>[vc_row][vc_column][\/vc_column][\/vc_row]<\/p>\n","protected":false},"author":1,"featured_media":3386,"parent":0,"menu_order":0,"comment_status":"closed","ping_status":"closed","template":"","meta":{"footnotes":""},"yoast_head":"<!-- This site is optimized with the Yoast SEO Premium plugin v16.1 (Yoast SEO v22.5) - https:\/\/yoast.com\/wordpress\/plugins\/seo\/ -->\n<title>Blog de Engenharia - Sato &amp; Malosso<\/title>\n<meta name=\"description\" content=\"Confira Aqui no Nosso Blog Conte\u00fados Interessantes e Novidades Relacionadas a Engenharia e Constru\u00e7\u00e3o Civil!\" \/>\n<meta name=\"robots\" content=\"index, follow, max-snippet:-1, max-image-preview:large, max-video-preview:-1\" \/>\n<link rel=\"canonical\" href=\"https:\/\/satoengenharia.com.br\/site\/blog-engenharia\/\" \/>\n<meta property=\"og:locale\" content=\"pt_BR\" \/>\n<meta property=\"og:type\" content=\"article\" \/>\n<meta property=\"og:title\" content=\"Blog de Engenharia - Sato &amp; Malosso\" \/>\n<meta property=\"og:description\" content=\"Confira Aqui no Nosso Blog Conte\u00fados Interessantes e Novidades Relacionadas a Engenharia e Constru\u00e7\u00e3o Civil!\" \/>\n<meta property=\"og:url\" content=\"https:\/\/satoengenharia.com.br\/site\/blog-engenharia\/\" \/>\n<meta property=\"og:site_name\" content=\"Sato &amp; Malosso\" \/>\n<meta property=\"article:modified_time\" content=\"2021-12-17T15:07:19+00:00\" \/>\n<meta property=\"og:image\" content=\"https:\/\/satoengenharia.com.br\/site\/wp-content\/uploads\/2021\/07\/Equipamentos-e-engenharia-em-cima-de-uma-mesa-com-plantas-e-projetos-de-construcao.jpg\" \/>\n\t<meta property=\"og:image:width\" content=\"1732\" \/>\n\t<meta property=\"og:image:height\" content=\"1155\" \/>\n\t<meta property=\"og:image:type\" content=\"image\/jpeg\" \/>\n<meta name=\"twitter:card\" content=\"summary_large_image\" \/>\n<meta name=\"twitter:label1\" content=\"Est. tempo de leitura\" \/>\n\t<meta name=\"twitter:data1\" content=\"1 minuto\" \/>\n<script type=\"application\/ld+json\" class=\"yoast-schema-graph\">{\"@context\":\"https:\/\/schema.org\",\"@graph\":[{\"@type\":\"WebPage\",\"@id\":\"https:\/\/satoengenharia.com.br\/site\/blog-engenharia\/\",\"url\":\"https:\/\/satoengenharia.com.br\/site\/blog-engenharia\/\",\"name\":\"Blog de Engenharia - Sato &amp; Malosso\",\"isPartOf\":{\"@id\":\"https:\/\/satoengenharia.com.br\/site\/#website\"},\"primaryImageOfPage\":{\"@id\":\"https:\/\/satoengenharia.com.br\/site\/blog-engenharia\/#primaryimage\"},\"image\":{\"@id\":\"https:\/\/satoengenharia.com.br\/site\/blog-engenharia\/#primaryimage\"},\"thumbnailUrl\":\"https:\/\/satoengenharia.com.br\/site\/wp-content\/uploads\/2021\/07\/Equipamentos-e-engenharia-em-cima-de-uma-mesa-com-plantas-e-projetos-de-construcao.jpg\",\"datePublished\":\"2016-03-28T09:28:34+00:00\",\"dateModified\":\"2021-12-17T15:07:19+00:00\",\"description\":\"Confira Aqui no Nosso Blog Conte\u00fados Interessantes e Novidades Relacionadas a Engenharia e Constru\u00e7\u00e3o Civil!\",\"breadcrumb\":{\"@id\":\"https:\/\/satoengenharia.com.br\/site\/blog-engenharia\/#breadcrumb\"},\"inLanguage\":\"pt-BR\",\"potentialAction\":[{\"@type\":\"ReadAction\",\"target\":[\"https:\/\/satoengenharia.com.br\/site\/blog-engenharia\/\"]}]},{\"@type\":\"ImageObject\",\"inLanguage\":\"pt-BR\",\"@id\":\"https:\/\/satoengenharia.com.br\/site\/blog-engenharia\/#primaryimage\",\"url\":\"https:\/\/satoengenharia.com.br\/site\/wp-content\/uploads\/2021\/07\/Equipamentos-e-engenharia-em-cima-de-uma-mesa-com-plantas-e-projetos-de-construcao.jpg\",\"contentUrl\":\"https:\/\/satoengenharia.com.br\/site\/wp-content\/uploads\/2021\/07\/Equipamentos-e-engenharia-em-cima-de-uma-mesa-com-plantas-e-projetos-de-construcao.jpg\",\"width\":1732,\"height\":1155,\"caption\":\"Confira Aqui no Nosso Blog Conte\u00fados Interessantes e Novidades Relacionadas a Engenharia!\"},{\"@type\":\"BreadcrumbList\",\"@id\":\"https:\/\/satoengenharia.com.br\/site\/blog-engenharia\/#breadcrumb\",\"itemListElement\":[{\"@type\":\"ListItem\",\"position\":1,\"name\":\"Home\",\"item\":\"https:\/\/satoengenharia.com.br\/site\/\"},{\"@type\":\"ListItem\",\"position\":2,\"name\":\"Blog\"}]},{\"@type\":\"WebSite\",\"@id\":\"https:\/\/satoengenharia.com.br\/site\/#website\",\"url\":\"https:\/\/satoengenharia.com.br\/site\/\",\"name\":\"Sato &amp; Malosso\",\"description\":\"Engenharia\",\"potentialAction\":[{\"@type\":\"SearchAction\",\"target\":{\"@type\":\"EntryPoint\",\"urlTemplate\":\"https:\/\/satoengenharia.com.br\/site\/?s={search_term_string}\"},\"query-input\":\"required name=search_term_string\"}],\"inLanguage\":\"pt-BR\"}]}<\/script>\n<!-- \/ Yoast SEO Premium plugin. -->","yoast_head_json":{"title":"Blog de Engenharia - Sato &amp; Malosso","description":"Confira Aqui no Nosso Blog Conte\u00fados Interessantes e Novidades Relacionadas a Engenharia e Constru\u00e7\u00e3o Civil!","robots":{"index":"index","follow":"follow","max-snippet":"max-snippet:-1","max-image-preview":"max-image-preview:large","max-video-preview":"max-video-preview:-1"},"canonical":"https:\/\/satoengenharia.com.br\/site\/blog-engenharia\/","og_locale":"pt_BR","og_type":"article","og_title":"Blog de Engenharia - Sato & Malosso","og_description":"Confira Aqui no Nosso Blog Conte\u00fados Interessantes e Novidades Relacionadas a Engenharia e Constru\u00e7\u00e3o Civil!","og_url":"https:\/\/satoengenharia.com.br\/site\/blog-engenharia\/","og_site_name":"Sato &amp; Malosso","article_modified_time":"2021-12-17T15:07:19+00:00","og_image":[{"width":1732,"height":1155,"url":"https:\/\/satoengenharia.com.br\/site\/wp-content\/uploads\/2021\/07\/Equipamentos-e-engenharia-em-cima-de-uma-mesa-com-plantas-e-projetos-de-construcao.jpg","type":"image\/jpeg"}],"twitter_card":"summary_large_image","twitter_misc":{"Est. tempo de leitura":"1 minuto"},"schema":{"@context":"https:\/\/schema.org","@graph":[{"@type":"WebPage","@id":"https:\/\/satoengenharia.com.br\/site\/blog-engenharia\/","url":"https:\/\/satoengenharia.com.br\/site\/blog-engenharia\/","name":"Blog de Engenharia - Sato &amp; Malosso","isPartOf":{"@id":"https:\/\/satoengenharia.com.br\/site\/#website"},"primaryImageOfPage":{"@id":"https:\/\/satoengenharia.com.br\/site\/blog-engenharia\/#primaryimage"},"image":{"@id":"https:\/\/satoengenharia.com.br\/site\/blog-engenharia\/#primaryimage"},"thumbnailUrl":"https:\/\/satoengenharia.com.br\/site\/wp-content\/uploads\/2021\/07\/Equipamentos-e-engenharia-em-cima-de-uma-mesa-com-plantas-e-projetos-de-construcao.jpg","datePublished":"2016-03-28T09:28:34+00:00","dateModified":"2021-12-17T15:07:19+00:00","description":"Confira Aqui no Nosso Blog Conte\u00fados Interessantes e Novidades Relacionadas a Engenharia e Constru\u00e7\u00e3o Civil!","breadcrumb":{"@id":"https:\/\/satoengenharia.com.br\/site\/blog-engenharia\/#breadcrumb"},"inLanguage":"pt-BR","potentialAction":[{"@type":"ReadAction","target":["https:\/\/satoengenharia.com.br\/site\/blog-engenharia\/"]}]},{"@type":"ImageObject","inLanguage":"pt-BR","@id":"https:\/\/satoengenharia.com.br\/site\/blog-engenharia\/#primaryimage","url":"https:\/\/satoengenharia.com.br\/site\/wp-content\/uploads\/2021\/07\/Equipamentos-e-engenharia-em-cima-de-uma-mesa-com-plantas-e-projetos-de-construcao.jpg","contentUrl":"https:\/\/satoengenharia.com.br\/site\/wp-content\/uploads\/2021\/07\/Equipamentos-e-engenharia-em-cima-de-uma-mesa-com-plantas-e-projetos-de-construcao.jpg","width":1732,"height":1155,"caption":"Confira Aqui no Nosso Blog Conte\u00fados Interessantes e Novidades Relacionadas a Engenharia!"},{"@type":"BreadcrumbList","@id":"https:\/\/satoengenharia.com.br\/site\/blog-engenharia\/#breadcrumb","itemListElement":[{"@type":"ListItem","position":1,"name":"Home","item":"https:\/\/satoengenharia.com.br\/site\/"},{"@type":"ListItem","position":2,"name":"Blog"}]},{"@type":"WebSite","@id":"https:\/\/satoengenharia.com.br\/site\/#website","url":"https:\/\/satoengenharia.com.br\/site\/","name":"Sato &amp; Malosso","description":"Engenharia","potentialAction":[{"@type":"SearchAction","target":{"@type":"EntryPoint","urlTemplate":"https:\/\/satoengenharia.com.br\/site\/?s={search_term_string}"},"query-input":"required name=search_term_string"}],"inLanguage":"pt-BR"}]}},"_links":{"self":[{"href":"https:\/\/satoengenharia.com.br\/site\/wp-json\/wp\/v2\/pages\/13"}],"collection":[{"href":"https:\/\/satoengenharia.com.br\/site\/wp-json\/wp\/v2\/pages"}],"about":[{"href":"https:\/\/satoengenharia.com.br\/site\/wp-json\/wp\/v2\/types\/page"}],"author":[{"embeddable":true,"href":"https:\/\/satoengenharia.com.br\/site\/wp-json\/wp\/v2\/users\/1"}],"replies":[{"embeddable":true,"href":"https:\/\/satoengenharia.com.br\/site\/wp-json\/wp\/v2\/comments?post=13"}],"version-history":[{"count":5,"href":"https:\/\/satoengenharia.com.br\/site\/wp-json\/wp\/v2\/pages\/13\/revisions"}],"predecessor-version":[{"id":3506,"href":"https:\/\/satoengenharia.com.br\/site\/wp-json\/wp\/v2\/pages\/13\/revisions\/3506"}],"wp:featuredmedia":[{"embeddable":true,"href":"https:\/\/satoengenharia.com.br\/site\/wp-json\/wp\/v2\/media\/3386"}],"wp:attachment":[{"href":"https:\/\/satoengenharia.com.br\/site\/wp-json\/wp\/v2\/media?parent=13"}],"curies":[{"name":"wp","href":"https:\/\/api.w.org\/{rel}","templated":true}]}}