{"id":3785,"date":"2023-02-13T16:51:26","date_gmt":"2023-02-13T16:51:26","guid":{"rendered":"https:\/\/satoengenharia.com.br\/site\/?page_id=3785"},"modified":"2023-02-14T15:11:24","modified_gmt":"2023-02-14T15:11:24","slug":"iso9001","status":"publish","type":"page","link":"https:\/\/satoengenharia.com.br\/site\/iso9001\/","title":{"rendered":"ISO 9001"},"content":{"rendered":"<p>[vc_row][vc_column][vc_text_separator title=&#8221;NEG\u00d3CIO&#8221; title_align=&#8221;separator_align_left&#8221;][\/vc_column][\/vc_row][vc_row][vc_column][vc_column_text]<span style=\"color: #000000; font-family: Lexend;\">\u201c<span style=\"font-size: medium;\">Diversificando servi\u00e7os, multiplicando solu\u00e7\u00f5es\u201d<\/span><\/span>[\/vc_column_text][\/vc_column][\/vc_row][vc_row][vc_column][\/vc_column][\/vc_row][vc_row css=&#8221;.vc_custom_1464268401754{margin-bottom: 30px !important;}&#8221;][vc_column width=&#8221;1\/3&#8243;]<div class=\"mgt-icon-box wpb_content_element mgt-icon-box-centered mgt-icon-fa mgt-icon-background mgt-icon-background-invert text-black \"><div class=\"mgt-icon-box-icon\"><div class=\"mgt-font-icon\"><i class=\"fa fa-crosshairs\"><\/i><\/div><\/div><div class=\"mgt-icon-box-content\"><h6>MISS\u00c3O<\/h6><h5>Nosso prop\u00f3sito<\/h5><\/p>\n<p style=\"text-align: center\"><span style=\"color: #808080;font-family: Lexend;font-size: 12pt\">\u201cEntregar aos Clientes qualidade na presta\u00e7\u00e3o de servi\u00e7os de engenharia consultiva, com solu\u00e7\u00f5es inovadoras que produzam impacto positivo para a sociedade.\u201d<\/span><\/p>\n<p><\/div><div class=\"clearfix\"><\/div><\/div>[\/vc_column][vc_column width=&#8221;1\/3&#8243;]<div class=\"mgt-icon-box wpb_content_element mgt-icon-box-centered mgt-icon-fa mgt-icon-background mgt-icon-background-invert text-black \"><div class=\"mgt-icon-box-icon\"><div class=\"mgt-font-icon\"><i class=\"fa fa-lightbulb-o\"><\/i><\/div><\/div><div class=\"mgt-icon-box-content\"><h6>VIS\u00c3O<\/h6><h5>Nosso ideal<\/h5><span style=\"color: #808080;font-family: Lexend;font-size: 12pt\">\u201cSer at\u00e9 2025 uma empresa de engenharia consultiva, s\u00edmbolo de solu\u00e7\u00f5es criativas para o bem da sociedade.\u201d<\/span><\/p>\n<p><\/div><div class=\"clearfix\"><\/div><\/div>[\/vc_column][vc_column width=&#8221;1\/3&#8243;]<div class=\"mgt-icon-box wpb_content_element mgt-icon-box-centered mgt-icon-fa mgt-icon-background mgt-icon-background-invert text-black \"><div class=\"mgt-icon-box-icon\"><div class=\"mgt-font-icon\"><i class=\"fa fa-diamond\"><\/i><\/div><\/div><div class=\"mgt-icon-box-content\"><h6>VALORES<\/h6><h5>Nosso diferencial<\/h5><span style=\"font-family: Lexend;font-size: 12pt;color: #808080\">\u201cCompet\u00eancia, confian\u00e7a, \u00e9tica, responsabilidade e comprometimento com as pessoas.\u201d<\/span><\/div><div class=\"clearfix\"><\/div><\/div>[\/vc_column][\/vc_row]<\/p>\n","protected":false},"excerpt":{"rendered":"<p>[vc_row][vc_column][vc_text_separator title=&#8221;NEG\u00d3CIO&#8221; title_align=&#8221;separator_align_left&#8221;][\/vc_column][\/vc_row][vc_row][vc_column][vc_column_text]\u201cDiversificando servi\u00e7os, multiplicando solu\u00e7\u00f5es\u201d[\/vc_column_text][\/vc_column][\/vc_row][vc_row][vc_column][\/vc_column][\/vc_row][vc_row css=&#8221;.vc_custom_1464268401754{margin-bottom: 30px !important;}&#8221;][vc_column width=&#8221;1\/3&#8243;][\/vc_column][vc_column width=&#8221;1\/3&#8243;][\/vc_column][vc_column width=&#8221;1\/3&#8243;][\/vc_column][\/vc_row]<\/p>\n","protected":false},"author":2,"featured_media":0,"parent":0,"menu_order":0,"comment_status":"closed","ping_status":"closed","template":"","meta":{"footnotes":""},"yoast_head":"<!-- This site is optimized with the Yoast SEO Premium plugin v16.1 (Yoast SEO v22.5) - https:\/\/yoast.com\/wordpress\/plugins\/seo\/ -->\n<title>ISO 9001 - Sato &amp; Malosso<\/title>\n<meta name=\"robots\" content=\"index, follow, max-snippet:-1, max-image-preview:large, max-video-preview:-1\" \/>\n<link rel=\"canonical\" href=\"https:\/\/satoengenharia.com.br\/site\/iso9001\/\" \/>\n<meta property=\"og:locale\" content=\"pt_BR\" \/>\n<meta property=\"og:type\" content=\"article\" \/>\n<meta property=\"og:title\" content=\"ISO 9001 - Sato &amp; Malosso\" \/>\n<meta property=\"og:description\" content=\"[vc_row][vc_column][vc_text_separator title=&#8221;NEG\u00d3CIO&#8221; title_align=&#8221;separator_align_left&#8221;][\/vc_column][\/vc_row][vc_row][vc_column][vc_column_text]\u201cDiversificando servi\u00e7os, multiplicando solu\u00e7\u00f5es\u201d[\/vc_column_text][\/vc_column][\/vc_row][vc_row][vc_column][\/vc_column][\/vc_row][vc_row css=&#8221;.vc_custom_1464268401754{margin-bottom: 30px !important;}&#8221;][vc_column width=&#8221;1\/3&#8243;][\/vc_column][vc_column width=&#8221;1\/3&#8243;][\/vc_column][vc_column width=&#8221;1\/3&#8243;][\/vc_column][\/vc_row]\" \/>\n<meta property=\"og:url\" content=\"https:\/\/satoengenharia.com.br\/site\/iso9001\/\" \/>\n<meta property=\"og:site_name\" content=\"Sato &amp; Malosso\" \/>\n<meta property=\"article:modified_time\" content=\"2023-02-14T15:11:24+00:00\" \/>\n<meta name=\"twitter:card\" content=\"summary_large_image\" \/>\n<meta name=\"twitter:label1\" content=\"Est. tempo de leitura\" \/>\n\t<meta name=\"twitter:data1\" content=\"1 minuto\" \/>\n<script type=\"application\/ld+json\" class=\"yoast-schema-graph\">{\"@context\":\"https:\/\/schema.org\",\"@graph\":[{\"@type\":\"WebPage\",\"@id\":\"https:\/\/satoengenharia.com.br\/site\/iso9001\/\",\"url\":\"https:\/\/satoengenharia.com.br\/site\/iso9001\/\",\"name\":\"ISO 9001 - Sato &amp; Malosso\",\"isPartOf\":{\"@id\":\"https:\/\/satoengenharia.com.br\/site\/#website\"},\"datePublished\":\"2023-02-13T16:51:26+00:00\",\"dateModified\":\"2023-02-14T15:11:24+00:00\",\"breadcrumb\":{\"@id\":\"https:\/\/satoengenharia.com.br\/site\/iso9001\/#breadcrumb\"},\"inLanguage\":\"pt-BR\",\"potentialAction\":[{\"@type\":\"ReadAction\",\"target\":[\"https:\/\/satoengenharia.com.br\/site\/iso9001\/\"]}]},{\"@type\":\"BreadcrumbList\",\"@id\":\"https:\/\/satoengenharia.com.br\/site\/iso9001\/#breadcrumb\",\"itemListElement\":[{\"@type\":\"ListItem\",\"position\":1,\"name\":\"Home\",\"item\":\"https:\/\/satoengenharia.com.br\/site\/\"},{\"@type\":\"ListItem\",\"position\":2,\"name\":\"ISO 9001\"}]},{\"@type\":\"WebSite\",\"@id\":\"https:\/\/satoengenharia.com.br\/site\/#website\",\"url\":\"https:\/\/satoengenharia.com.br\/site\/\",\"name\":\"Sato &amp; Malosso\",\"description\":\"Engenharia\",\"potentialAction\":[{\"@type\":\"SearchAction\",\"target\":{\"@type\":\"EntryPoint\",\"urlTemplate\":\"https:\/\/satoengenharia.com.br\/site\/?s={search_term_string}\"},\"query-input\":\"required name=search_term_string\"}],\"inLanguage\":\"pt-BR\"}]}<\/script>\n<!-- \/ Yoast SEO Premium plugin. -->","yoast_head_json":{"title":"ISO 9001 - Sato &amp; Malosso","robots":{"index":"index","follow":"follow","max-snippet":"max-snippet:-1","max-image-preview":"max-image-preview:large","max-video-preview":"max-video-preview:-1"},"canonical":"https:\/\/satoengenharia.com.br\/site\/iso9001\/","og_locale":"pt_BR","og_type":"article","og_title":"ISO 9001 - Sato &amp; Malosso","og_description":"[vc_row][vc_column][vc_text_separator title=&#8221;NEG\u00d3CIO&#8221; title_align=&#8221;separator_align_left&#8221;][\/vc_column][\/vc_row][vc_row][vc_column][vc_column_text]\u201cDiversificando servi\u00e7os, multiplicando solu\u00e7\u00f5es\u201d[\/vc_column_text][\/vc_column][\/vc_row][vc_row][vc_column][\/vc_column][\/vc_row][vc_row css=&#8221;.vc_custom_1464268401754{margin-bottom: 30px !important;}&#8221;][vc_column width=&#8221;1\/3&#8243;][\/vc_column][vc_column width=&#8221;1\/3&#8243;][\/vc_column][vc_column width=&#8221;1\/3&#8243;][\/vc_column][\/vc_row]","og_url":"https:\/\/satoengenharia.com.br\/site\/iso9001\/","og_site_name":"Sato &amp; Malosso","article_modified_time":"2023-02-14T15:11:24+00:00","twitter_card":"summary_large_image","twitter_misc":{"Est. tempo de leitura":"1 minuto"},"schema":{"@context":"https:\/\/schema.org","@graph":[{"@type":"WebPage","@id":"https:\/\/satoengenharia.com.br\/site\/iso9001\/","url":"https:\/\/satoengenharia.com.br\/site\/iso9001\/","name":"ISO 9001 - Sato &amp; Malosso","isPartOf":{"@id":"https:\/\/satoengenharia.com.br\/site\/#website"},"datePublished":"2023-02-13T16:51:26+00:00","dateModified":"2023-02-14T15:11:24+00:00","breadcrumb":{"@id":"https:\/\/satoengenharia.com.br\/site\/iso9001\/#breadcrumb"},"inLanguage":"pt-BR","potentialAction":[{"@type":"ReadAction","target":["https:\/\/satoengenharia.com.br\/site\/iso9001\/"]}]},{"@type":"BreadcrumbList","@id":"https:\/\/satoengenharia.com.br\/site\/iso9001\/#breadcrumb","itemListElement":[{"@type":"ListItem","position":1,"name":"Home","item":"https:\/\/satoengenharia.com.br\/site\/"},{"@type":"ListItem","position":2,"name":"ISO 9001"}]},{"@type":"WebSite","@id":"https:\/\/satoengenharia.com.br\/site\/#website","url":"https:\/\/satoengenharia.com.br\/site\/","name":"Sato &amp; Malosso","description":"Engenharia","potentialAction":[{"@type":"SearchAction","target":{"@type":"EntryPoint","urlTemplate":"https:\/\/satoengenharia.com.br\/site\/?s={search_term_string}"},"query-input":"required name=search_term_string"}],"inLanguage":"pt-BR"}]}},"_links":{"self":[{"href":"https:\/\/satoengenharia.com.br\/site\/wp-json\/wp\/v2\/pages\/3785"}],"collection":[{"href":"https:\/\/satoengenharia.com.br\/site\/wp-json\/wp\/v2\/pages"}],"about":[{"href":"https:\/\/satoengenharia.com.br\/site\/wp-json\/wp\/v2\/types\/page"}],"author":[{"embeddable":true,"href":"https:\/\/satoengenharia.com.br\/site\/wp-json\/wp\/v2\/users\/2"}],"replies":[{"embeddable":true,"href":"https:\/\/satoengenharia.com.br\/site\/wp-json\/wp\/v2\/comments?post=3785"}],"version-history":[{"count":4,"href":"https:\/\/satoengenharia.com.br\/site\/wp-json\/wp\/v2\/pages\/3785\/revisions"}],"predecessor-version":[{"id":3797,"href":"https:\/\/satoengenharia.com.br\/site\/wp-json\/wp\/v2\/pages\/3785\/revisions\/3797"}],"wp:attachment":[{"href":"https:\/\/satoengenharia.com.br\/site\/wp-json\/wp\/v2\/media?parent=3785"}],"curies":[{"name":"wp","href":"https:\/\/api.w.org\/{rel}","templated":true}]}}