{"id":961,"date":"2016-05-16T09:03:45","date_gmt":"2016-05-16T09:03:45","guid":{"rendered":"http:\/\/wp.magnium-themes.com\/thebuilt\/thebuilt-2\/?page_id=961"},"modified":"2021-12-21T15:03:12","modified_gmt":"2021-12-21T15:03:12","slug":"portfolio","status":"publish","type":"page","link":"https:\/\/satoengenharia.com.br\/site\/portfolio\/","title":{"rendered":"Portf\u00f3lio"},"content":{"rendered":"<p>[vc_row css=&#8221;.vc_custom_1438333348452{margin-bottom: 80px !important;}&#8221;][vc_column]\r\n\t\t<div class=\"row portfolio-filter filter-left\">\r\n\t\t<div class=\"col-md-12\">\r\n\t\t<a class=\"filter\" data-filter=\"all\">Todos<\/a><a class=\"filter\" data-filter=\".engenharia-de-projetos\">Engenharia de projetos<\/a><a class=\"filter\" data-filter=\".execucao\">Execu\u00e7\u00e3o de obras<\/a><a class=\"filter\" data-filter=\".regularizacao-fundiaria\">Regulariza\u00e7\u00e3o fundi\u00e1ria<\/a>\t\t<\/div>\r\n\t<\/div>\r\n\t\r\n\t<div class=\"portfolio-list portfolio-columns-3 portfolio-grid-layout-0  portfolio-with-spaces clearfix\" id=\"portfolio-list\">\r\n\r\n\t\t<div class=\"portfolio-item-block portfolio-item-animation-3 mix regularizacao-fundiaria\" data-item=\"1\" data-name=\"Regulariza\u00e7\u00e3o fundi\u00e1ria\">\r\n\t<div class=\"portfolio-item-block-inside\">\r\n\t  <a href=\"https:\/\/satoengenharia.com.br\/site\/project\/regularizacao-fundiaria\/\" target=\"_self\" rel=\"\" title=\"Regulariza\u00e7\u00e3o fundi\u00e1ria\">\r\n\t    <div class=\"portfolio-item-image\" data-style=\"background-image: url(https:\/\/satoengenharia.com.br\/site\/wp-content\/uploads\/2021\/07\/WhatsApp-Image-2020-07-02-at-11.31.09-960x1024.jpeg);\"><\/div>\r\n\t    <div class=\"portfolio-item-bg\"><\/div>\r\n\t    <div class=\"info\">\r\n\t      <span class=\"sub-title\">Regulariza\u00e7\u00e3o fundi\u00e1ria<\/span>\r\n\t      <h4 class=\"title\">Regulariza\u00e7\u00e3o fundi\u00e1ria<\/h4>\r\n\t      \t      \t    <\/div>\r\n\t  <\/a>\r\n\t<\/div>\r\n\t<\/div>\r\n\t\t<div class=\"portfolio-item-block portfolio-item-animation-3 mix execucao\" data-item=\"2\" data-name=\"Execu\u00e7\u00e3o de obras\">\r\n\t<div class=\"portfolio-item-block-inside\">\r\n\t  <a href=\"https:\/\/satoengenharia.com.br\/site\/project\/execucao-de-obras\/\" target=\"_self\" rel=\"\" title=\"Execu\u00e7\u00e3o de obras\">\r\n\t    <div class=\"portfolio-item-image\" data-style=\"background-image: url(https:\/\/satoengenharia.com.br\/site\/wp-content\/uploads\/2021\/07\/101_3516-1024x1024.jpg);\"><\/div>\r\n\t    <div class=\"portfolio-item-bg\"><\/div>\r\n\t    <div class=\"info\">\r\n\t      <span class=\"sub-title\">Execu\u00e7\u00e3o de obras<\/span>\r\n\t      <h4 class=\"title\">Execu\u00e7\u00e3o de obras<\/h4>\r\n\t      \t      \t    <\/div>\r\n\t  <\/a>\r\n\t<\/div>\r\n\t<\/div>\r\n\t\t<div class=\"portfolio-item-block portfolio-item-animation-3 mix engenharia-de-projetos\" data-item=\"3\" data-name=\"Engenharia de projetos\">\r\n\t<div class=\"portfolio-item-block-inside\">\r\n\t  <a href=\"https:\/\/satoengenharia.com.br\/site\/project\/engenharia-projetos\/\" target=\"_self\" rel=\"\" title=\"Engenharia de projetos\">\r\n\t    <div class=\"portfolio-item-image\" data-style=\"background-image: url(https:\/\/satoengenharia.com.br\/site\/wp-content\/uploads\/2016\/03\/01-1024x720.jpg);\"><\/div>\r\n\t    <div class=\"portfolio-item-bg\"><\/div>\r\n\t    <div class=\"info\">\r\n\t      <span class=\"sub-title\">Engenharia de projetos<\/span>\r\n\t      <h4 class=\"title\">Engenharia de projetos<\/h4>\r\n\t      \t      \t    <\/div>\r\n\t  <\/a>\r\n\t<\/div>\r\n\t<\/div>\r\n\t\t         \r\n\t\r\n\t<\/div>\r\n\r\n\r\n<script>(function($){\r\n\t    $(document).ready(function() {\r\n\r\n\t\t    $(\"#portfolio-list\").mixItUp({effects:[\"fade\",\"scale\"],easing:\"snap\"});\r\n\r\n\t    });})(jQuery);<\/script>[\/vc_column][\/vc_row][vc_row full_width=&#8221;stretch_row&#8221; css=&#8221;.vc_custom_1625146664007{margin-top: 30px !important;margin-bottom: 60px !important;background-image: url(https:\/\/satoengenharia.com.br\/site\/wp-content\/uploads\/2021\/06\/Engenheiro-fazendo-calculos-para-construcao-de-casa.jpg?id=3277) !important;}&#8221;][vc_column]<div class=\"mgt-cta-block clearfix white-text with-text no-side-paddings wpb_content_element\" data-style=\"background-color: ;\"><div class=\"mgt-button-wrapper mgt-button-wrapper-align-right mgt-button-wrapper-display-newline mgt-button-top-margin-disable\"><a class=\"btn hvr-sweep-to-bottom mgt-button mgt-style-solid mgt-size-normal mgt-align-right mgt-display-newline mgt-text-size-normal mgt-button-icon-position-left mgt-text-transform-uppercase \" href=\"https:\/\/satoengenharia.com.br\/site\/contato\/\"><i class=\"fa fa-check-square-o\"><\/i>Contato<\/a><\/div><h5 class=\"mgt-cta-block-header\">Entre em contato<\/h5><div class=\"mgt-cta-block-content\">Solicite um or\u00e7amento e coloque seus projetos de constru\u00e7\u00e3o em pr\u00e1tica.<\/div><\/div>[\/vc_column][\/vc_row]<\/p>\n","protected":false},"excerpt":{"rendered":"<p>[vc_row css=&#8221;.vc_custom_1438333348452{margin-bottom: 80px !important;}&#8221;][vc_column][\/vc_column][\/vc_row][vc_row full_width=&#8221;stretch_row&#8221; css=&#8221;.vc_custom_1625146664007{margin-top: 30px !important;margin-bottom: 60px !important;background-image: url(https:\/\/satoengenharia.com.br\/site\/wp-content\/uploads\/2021\/06\/Engenheiro-fazendo-calculos-para-construcao-de-casa.jpg?id=3277) !important;}&#8221;][vc_column][\/vc_column][\/vc_row]<\/p>\n","protected":false},"author":1,"featured_media":3253,"parent":0,"menu_order":0,"comment_status":"closed","ping_status":"closed","template":"","meta":{"footnotes":""},"yoast_head":"<!-- This site is optimized with the Yoast SEO Premium plugin v16.1 (Yoast SEO v22.5) - https:\/\/yoast.com\/wordpress\/plugins\/seo\/ -->\n<title>Portf\u00f3lio de Projetos - Sato &amp; Malosso Engenharia<\/title>\n<meta name=\"description\" content=\"Confira Nosso Portf\u00f3lio e Solicite um Or\u00e7amento. Consultoria em Execu\u00e7\u00e3o de Obras, Engenharia de Projetos, e Regulariza\u00e7\u00e3o Fundi\u00e1ria.\" \/>\n<meta name=\"robots\" content=\"index, follow, max-snippet:-1, max-image-preview:large, max-video-preview:-1\" \/>\n<link rel=\"canonical\" href=\"https:\/\/satoengenharia.com.br\/site\/portfolio\/\" \/>\n<meta property=\"og:locale\" content=\"pt_BR\" \/>\n<meta property=\"og:type\" content=\"article\" \/>\n<meta property=\"og:title\" content=\"Portf\u00f3lio de Projetos - Sato &amp; Malosso Engenharia\" \/>\n<meta property=\"og:description\" content=\"Confira Nosso Portf\u00f3lio e Solicite um Or\u00e7amento. Consultoria em Execu\u00e7\u00e3o de Obras, Engenharia de Projetos, e Regulariza\u00e7\u00e3o Fundi\u00e1ria.\" \/>\n<meta property=\"og:url\" content=\"https:\/\/satoengenharia.com.br\/site\/portfolio\/\" \/>\n<meta property=\"og:site_name\" content=\"Sato &amp; Malosso\" \/>\n<meta property=\"article:modified_time\" content=\"2021-12-21T15:03:12+00:00\" \/>\n<meta property=\"og:image\" content=\"https:\/\/satoengenharia.com.br\/site\/wp-content\/uploads\/2021\/06\/Engenheiro-gerenciando-projeto-de-construcao.jpg\" \/>\n\t<meta property=\"og:image:width\" content=\"1170\" \/>\n\t<meta property=\"og:image:height\" content=\"781\" \/>\n\t<meta property=\"og:image:type\" content=\"image\/jpeg\" \/>\n<meta name=\"twitter:card\" content=\"summary_large_image\" \/>\n<meta name=\"twitter:label1\" content=\"Est. tempo de leitura\" \/>\n\t<meta name=\"twitter:data1\" content=\"1 minuto\" \/>\n<script type=\"application\/ld+json\" class=\"yoast-schema-graph\">{\"@context\":\"https:\/\/schema.org\",\"@graph\":[{\"@type\":\"WebPage\",\"@id\":\"https:\/\/satoengenharia.com.br\/site\/portfolio\/\",\"url\":\"https:\/\/satoengenharia.com.br\/site\/portfolio\/\",\"name\":\"Portf\u00f3lio de Projetos - Sato &amp; Malosso Engenharia\",\"isPartOf\":{\"@id\":\"https:\/\/satoengenharia.com.br\/site\/#website\"},\"primaryImageOfPage\":{\"@id\":\"https:\/\/satoengenharia.com.br\/site\/portfolio\/#primaryimage\"},\"image\":{\"@id\":\"https:\/\/satoengenharia.com.br\/site\/portfolio\/#primaryimage\"},\"thumbnailUrl\":\"https:\/\/satoengenharia.com.br\/site\/wp-content\/uploads\/2021\/06\/Engenheiro-gerenciando-projeto-de-construcao.jpg\",\"datePublished\":\"2016-05-16T09:03:45+00:00\",\"dateModified\":\"2021-12-21T15:03:12+00:00\",\"description\":\"Confira Nosso Portf\u00f3lio e Solicite um Or\u00e7amento. Consultoria em Execu\u00e7\u00e3o de Obras, Engenharia de Projetos, e Regulariza\u00e7\u00e3o Fundi\u00e1ria.\",\"breadcrumb\":{\"@id\":\"https:\/\/satoengenharia.com.br\/site\/portfolio\/#breadcrumb\"},\"inLanguage\":\"pt-BR\",\"potentialAction\":[{\"@type\":\"ReadAction\",\"target\":[\"https:\/\/satoengenharia.com.br\/site\/portfolio\/\"]}]},{\"@type\":\"ImageObject\",\"inLanguage\":\"pt-BR\",\"@id\":\"https:\/\/satoengenharia.com.br\/site\/portfolio\/#primaryimage\",\"url\":\"https:\/\/satoengenharia.com.br\/site\/wp-content\/uploads\/2021\/06\/Engenheiro-gerenciando-projeto-de-construcao.jpg\",\"contentUrl\":\"https:\/\/satoengenharia.com.br\/site\/wp-content\/uploads\/2021\/06\/Engenheiro-gerenciando-projeto-de-construcao.jpg\",\"width\":1170,\"height\":781,\"caption\":\"Confira Nosso Portf\u00f3lio e Solicite um Or\u00e7amento. Consultoria em Execu\u00e7\u00e3o de Obras, Engenharia de Projetos, e Regulariza\u00e7\u00e3o Fundi\u00e1ria.\"},{\"@type\":\"BreadcrumbList\",\"@id\":\"https:\/\/satoengenharia.com.br\/site\/portfolio\/#breadcrumb\",\"itemListElement\":[{\"@type\":\"ListItem\",\"position\":1,\"name\":\"Home\",\"item\":\"https:\/\/satoengenharia.com.br\/site\/\"},{\"@type\":\"ListItem\",\"position\":2,\"name\":\"Portf\u00f3lio\"}]},{\"@type\":\"WebSite\",\"@id\":\"https:\/\/satoengenharia.com.br\/site\/#website\",\"url\":\"https:\/\/satoengenharia.com.br\/site\/\",\"name\":\"Sato &amp; Malosso\",\"description\":\"Engenharia\",\"potentialAction\":[{\"@type\":\"SearchAction\",\"target\":{\"@type\":\"EntryPoint\",\"urlTemplate\":\"https:\/\/satoengenharia.com.br\/site\/?s={search_term_string}\"},\"query-input\":\"required name=search_term_string\"}],\"inLanguage\":\"pt-BR\"}]}<\/script>\n<!-- \/ Yoast SEO Premium plugin. -->","yoast_head_json":{"title":"Portf\u00f3lio de Projetos - Sato &amp; Malosso Engenharia","description":"Confira Nosso Portf\u00f3lio e Solicite um Or\u00e7amento. Consultoria em Execu\u00e7\u00e3o de Obras, Engenharia de Projetos, e Regulariza\u00e7\u00e3o Fundi\u00e1ria.","robots":{"index":"index","follow":"follow","max-snippet":"max-snippet:-1","max-image-preview":"max-image-preview:large","max-video-preview":"max-video-preview:-1"},"canonical":"https:\/\/satoengenharia.com.br\/site\/portfolio\/","og_locale":"pt_BR","og_type":"article","og_title":"Portf\u00f3lio de Projetos - Sato & Malosso Engenharia","og_description":"Confira Nosso Portf\u00f3lio e Solicite um Or\u00e7amento. Consultoria em Execu\u00e7\u00e3o de Obras, Engenharia de Projetos, e Regulariza\u00e7\u00e3o Fundi\u00e1ria.","og_url":"https:\/\/satoengenharia.com.br\/site\/portfolio\/","og_site_name":"Sato &amp; Malosso","article_modified_time":"2021-12-21T15:03:12+00:00","og_image":[{"width":1170,"height":781,"url":"https:\/\/satoengenharia.com.br\/site\/wp-content\/uploads\/2021\/06\/Engenheiro-gerenciando-projeto-de-construcao.jpg","type":"image\/jpeg"}],"twitter_card":"summary_large_image","twitter_misc":{"Est. tempo de leitura":"1 minuto"},"schema":{"@context":"https:\/\/schema.org","@graph":[{"@type":"WebPage","@id":"https:\/\/satoengenharia.com.br\/site\/portfolio\/","url":"https:\/\/satoengenharia.com.br\/site\/portfolio\/","name":"Portf\u00f3lio de Projetos - Sato &amp; Malosso Engenharia","isPartOf":{"@id":"https:\/\/satoengenharia.com.br\/site\/#website"},"primaryImageOfPage":{"@id":"https:\/\/satoengenharia.com.br\/site\/portfolio\/#primaryimage"},"image":{"@id":"https:\/\/satoengenharia.com.br\/site\/portfolio\/#primaryimage"},"thumbnailUrl":"https:\/\/satoengenharia.com.br\/site\/wp-content\/uploads\/2021\/06\/Engenheiro-gerenciando-projeto-de-construcao.jpg","datePublished":"2016-05-16T09:03:45+00:00","dateModified":"2021-12-21T15:03:12+00:00","description":"Confira Nosso Portf\u00f3lio e Solicite um Or\u00e7amento. Consultoria em Execu\u00e7\u00e3o de Obras, Engenharia de Projetos, e Regulariza\u00e7\u00e3o Fundi\u00e1ria.","breadcrumb":{"@id":"https:\/\/satoengenharia.com.br\/site\/portfolio\/#breadcrumb"},"inLanguage":"pt-BR","potentialAction":[{"@type":"ReadAction","target":["https:\/\/satoengenharia.com.br\/site\/portfolio\/"]}]},{"@type":"ImageObject","inLanguage":"pt-BR","@id":"https:\/\/satoengenharia.com.br\/site\/portfolio\/#primaryimage","url":"https:\/\/satoengenharia.com.br\/site\/wp-content\/uploads\/2021\/06\/Engenheiro-gerenciando-projeto-de-construcao.jpg","contentUrl":"https:\/\/satoengenharia.com.br\/site\/wp-content\/uploads\/2021\/06\/Engenheiro-gerenciando-projeto-de-construcao.jpg","width":1170,"height":781,"caption":"Confira Nosso Portf\u00f3lio e Solicite um Or\u00e7amento. Consultoria em Execu\u00e7\u00e3o de Obras, Engenharia de Projetos, e Regulariza\u00e7\u00e3o Fundi\u00e1ria."},{"@type":"BreadcrumbList","@id":"https:\/\/satoengenharia.com.br\/site\/portfolio\/#breadcrumb","itemListElement":[{"@type":"ListItem","position":1,"name":"Home","item":"https:\/\/satoengenharia.com.br\/site\/"},{"@type":"ListItem","position":2,"name":"Portf\u00f3lio"}]},{"@type":"WebSite","@id":"https:\/\/satoengenharia.com.br\/site\/#website","url":"https:\/\/satoengenharia.com.br\/site\/","name":"Sato &amp; Malosso","description":"Engenharia","potentialAction":[{"@type":"SearchAction","target":{"@type":"EntryPoint","urlTemplate":"https:\/\/satoengenharia.com.br\/site\/?s={search_term_string}"},"query-input":"required name=search_term_string"}],"inLanguage":"pt-BR"}]}},"_links":{"self":[{"href":"https:\/\/satoengenharia.com.br\/site\/wp-json\/wp\/v2\/pages\/961"}],"collection":[{"href":"https:\/\/satoengenharia.com.br\/site\/wp-json\/wp\/v2\/pages"}],"about":[{"href":"https:\/\/satoengenharia.com.br\/site\/wp-json\/wp\/v2\/types\/page"}],"author":[{"embeddable":true,"href":"https:\/\/satoengenharia.com.br\/site\/wp-json\/wp\/v2\/users\/1"}],"replies":[{"embeddable":true,"href":"https:\/\/satoengenharia.com.br\/site\/wp-json\/wp\/v2\/comments?post=961"}],"version-history":[{"count":12,"href":"https:\/\/satoengenharia.com.br\/site\/wp-json\/wp\/v2\/pages\/961\/revisions"}],"predecessor-version":[{"id":3622,"href":"https:\/\/satoengenharia.com.br\/site\/wp-json\/wp\/v2\/pages\/961\/revisions\/3622"}],"wp:featuredmedia":[{"embeddable":true,"href":"https:\/\/satoengenharia.com.br\/site\/wp-json\/wp\/v2\/media\/3253"}],"wp:attachment":[{"href":"https:\/\/satoengenharia.com.br\/site\/wp-json\/wp\/v2\/media?parent=961"}],"curies":[{"name":"wp","href":"https:\/\/api.w.org\/{rel}","templated":true}]}}